{"id":2,"date":"2024-07-09T15:59:10","date_gmt":"2024-07-09T15:59:10","guid":{"rendered":"https:\/\/bararias.rkinformatika.online\/?page_id=2"},"modified":"2024-11-28T13:07:13","modified_gmt":"2024-11-28T13:07:13","slug":"home","status":"publish","type":"page","link":"https:\/\/spiritsandwine.es\/es\/","title":{"rendered":"INICIO"},"content":{"rendered":"<div data-elementor-type=\"wp-page\" data-elementor-id=\"2\" class=\"elementor elementor-2\" data-elementor-post-type=\"page\">\n\t\t\t\t\t\t<section class=\"elementor-section elementor-top-section elementor-element elementor-element-a79a74c elementor-section-full_width elementor-section-height-default elementor-section-height-default\" data-id=\"a79a74c\" data-element_type=\"section\" data-e-type=\"section\" data-settings=\"{&quot;background_background&quot;:&quot;classic&quot;}\">\n\t\t\t\t\t\t\t<div class=\"elementor-background-overlay\"><\/div>\n\t\t\t\t\t\t\t<div class=\"elementor-container elementor-column-gap-default\">\n\t\t\t\t\t<div class=\"elementor-column elementor-col-100 elementor-top-column elementor-element elementor-element-7c40587 elementor-invisible\" data-id=\"7c40587\" data-element_type=\"column\" data-e-type=\"column\" data-settings=\"{&quot;animation&quot;:&quot;fadeInRight&quot;}\">\n\t\t\t<div class=\"elementor-widget-wrap elementor-element-populated\">\n\t\t\t\t\t\t<div class=\"elementor-element elementor-element-89b51aa elementor-widget__width-initial elementor-widget-mobile__width-initial elementor-widget elementor-widget-heading\" data-id=\"89b51aa\" data-element_type=\"widget\" data-e-type=\"widget\" data-widget_type=\"heading.default\">\n\t\t\t\t<div class=\"elementor-widget-container\">\n\t\t\t\t\t<h1 class=\"elementor-heading-title elementor-size-default\">SOLUCIONES DE VENTAS Y MARKETING EN <br>  EL NEGOCIO DE VINOS Y LICORES<\/h1>\t\t\t\t<\/div>\n\t\t\t\t<\/div>\n\t\t\t\t\t<\/div>\n\t\t<\/div>\n\t\t\t\t\t<\/div>\n\t\t<\/section>\n\t\t<div class=\"elementor-element elementor-element-47413e9 e-con-full e-flex e-con e-parent\" data-id=\"47413e9\" data-element_type=\"container\" data-e-type=\"container\" data-settings=\"{&quot;background_background&quot;:&quot;classic&quot;}\">\n\t\t<div class=\"elementor-element elementor-element-6d47c65 e-con-full e-flex e-con e-child\" data-id=\"6d47c65\" data-element_type=\"container\" data-e-type=\"container\">\n\t\t\t\t<div class=\"elementor-element elementor-element-ad69e68 elementor-widget__width-initial elementor-arrows-position-inside elementor-pagination-position-outside elementor-widget elementor-widget-image-carousel\" data-id=\"ad69e68\" data-element_type=\"widget\" data-e-type=\"widget\" data-settings=\"{&quot;slides_to_show&quot;:&quot;1&quot;,&quot;navigation&quot;:&quot;both&quot;,&quot;autoplay&quot;:&quot;yes&quot;,&quot;pause_on_hover&quot;:&quot;yes&quot;,&quot;pause_on_interaction&quot;:&quot;yes&quot;,&quot;autoplay_speed&quot;:5000,&quot;infinite&quot;:&quot;yes&quot;,&quot;effect&quot;:&quot;slide&quot;,&quot;speed&quot;:500}\" data-widget_type=\"image-carousel.default\">\n\t\t\t\t<div class=\"elementor-widget-container\">\n\t\t\t\t\t\t\t<div class=\"elementor-image-carousel-wrapper swiper\" role=\"region\" aria-roledescription=\"carousel\" aria-label=\"Image Carousel\" dir=\"ltr\">\n\t\t\t<div class=\"elementor-image-carousel swiper-wrapper\" aria-live=\"off\">\n\t\t\t\t\t\t\t\t<div class=\"swiper-slide\" role=\"group\" aria-roledescription=\"slide\" aria-label=\"1 de 15\"><figure class=\"swiper-slide-inner\"><img decoding=\"async\" class=\"swiper-slide-image\" src=\"https:\/\/spiritsandwine.es\/wp-content\/uploads\/2024\/11\/1-3.png\" alt=\"1\" \/><\/figure><\/div><div class=\"swiper-slide\" role=\"group\" aria-roledescription=\"slide\" aria-label=\"2 de 15\"><figure class=\"swiper-slide-inner\"><img decoding=\"async\" class=\"swiper-slide-image\" src=\"https:\/\/spiritsandwine.es\/wp-content\/uploads\/2024\/11\/2-1.png\" alt=\"2\" \/><\/figure><\/div><div class=\"swiper-slide\" role=\"group\" aria-roledescription=\"slide\" aria-label=\"3 de 15\"><figure class=\"swiper-slide-inner\"><img decoding=\"async\" class=\"swiper-slide-image\" src=\"https:\/\/spiritsandwine.es\/wp-content\/uploads\/2024\/11\/3-2.png\" alt=\"3\" \/><\/figure><\/div><div class=\"swiper-slide\" role=\"group\" aria-roledescription=\"slide\" aria-label=\"4 de 15\"><figure class=\"swiper-slide-inner\"><img decoding=\"async\" class=\"swiper-slide-image\" src=\"https:\/\/spiritsandwine.es\/wp-content\/uploads\/2024\/11\/4-1.png\" alt=\"4\" \/><\/figure><\/div><div class=\"swiper-slide\" role=\"group\" aria-roledescription=\"slide\" aria-label=\"5 de 15\"><figure class=\"swiper-slide-inner\"><img decoding=\"async\" class=\"swiper-slide-image\" src=\"https:\/\/spiritsandwine.es\/wp-content\/uploads\/2024\/11\/5-1.png\" alt=\"5\" \/><\/figure><\/div><div class=\"swiper-slide\" role=\"group\" aria-roledescription=\"slide\" aria-label=\"6 de 15\"><figure class=\"swiper-slide-inner\"><img decoding=\"async\" class=\"swiper-slide-image\" src=\"https:\/\/spiritsandwine.es\/wp-content\/uploads\/2024\/11\/6-1.png\" alt=\"6\" \/><\/figure><\/div><div class=\"swiper-slide\" role=\"group\" aria-roledescription=\"slide\" aria-label=\"7 de 15\"><figure class=\"swiper-slide-inner\"><img decoding=\"async\" class=\"swiper-slide-image\" src=\"https:\/\/spiritsandwine.es\/wp-content\/uploads\/2024\/11\/7-1.png\" alt=\"7\" \/><\/figure><\/div><div class=\"swiper-slide\" role=\"group\" aria-roledescription=\"slide\" aria-label=\"8 de 15\"><figure class=\"swiper-slide-inner\"><img decoding=\"async\" class=\"swiper-slide-image\" src=\"https:\/\/spiritsandwine.es\/wp-content\/uploads\/2024\/11\/8-1.png\" alt=\"8\" \/><\/figure><\/div><div class=\"swiper-slide\" role=\"group\" aria-roledescription=\"slide\" aria-label=\"9 de 15\"><figure class=\"swiper-slide-inner\"><img decoding=\"async\" class=\"swiper-slide-image\" src=\"https:\/\/spiritsandwine.es\/wp-content\/uploads\/2024\/11\/9.png\" alt=\"9\" \/><\/figure><\/div><div class=\"swiper-slide\" role=\"group\" aria-roledescription=\"slide\" aria-label=\"10 de 15\"><figure class=\"swiper-slide-inner\"><img decoding=\"async\" class=\"swiper-slide-image\" src=\"https:\/\/spiritsandwine.es\/wp-content\/uploads\/2024\/11\/10.png\" alt=\"10\" \/><\/figure><\/div><div class=\"swiper-slide\" role=\"group\" aria-roledescription=\"slide\" aria-label=\"11 de 15\"><figure class=\"swiper-slide-inner\"><img decoding=\"async\" class=\"swiper-slide-image\" src=\"https:\/\/spiritsandwine.es\/wp-content\/uploads\/2024\/11\/11.png\" alt=\"11\" \/><\/figure><\/div><div class=\"swiper-slide\" role=\"group\" aria-roledescription=\"slide\" aria-label=\"12 de 15\"><figure class=\"swiper-slide-inner\"><img decoding=\"async\" class=\"swiper-slide-image\" src=\"https:\/\/spiritsandwine.es\/wp-content\/uploads\/2024\/11\/12.png\" alt=\"12\" \/><\/figure><\/div><div class=\"swiper-slide\" role=\"group\" aria-roledescription=\"slide\" aria-label=\"13 de 15\"><figure class=\"swiper-slide-inner\"><img decoding=\"async\" class=\"swiper-slide-image\" src=\"https:\/\/spiritsandwine.es\/wp-content\/uploads\/2024\/11\/13.png\" alt=\"13\" \/><\/figure><\/div><div class=\"swiper-slide\" role=\"group\" aria-roledescription=\"slide\" aria-label=\"14 de 15\"><figure class=\"swiper-slide-inner\"><img decoding=\"async\" class=\"swiper-slide-image\" src=\"https:\/\/spiritsandwine.es\/wp-content\/uploads\/2024\/11\/14.png\" alt=\"14\" \/><\/figure><\/div><div class=\"swiper-slide\" role=\"group\" aria-roledescription=\"slide\" aria-label=\"15 de 15\"><figure class=\"swiper-slide-inner\"><img decoding=\"async\" class=\"swiper-slide-image\" src=\"https:\/\/spiritsandwine.es\/wp-content\/uploads\/2024\/11\/15.png\" alt=\"15\" \/><\/figure><\/div>\t\t\t<\/div>\n\t\t\t\t\t\t\t\t\t\t\t\t<div class=\"elementor-swiper-button elementor-swiper-button-prev\" role=\"button\" tabindex=\"0\">\n\t\t\t\t\t\t<svg aria-hidden=\"true\" class=\"e-font-icon-svg e-eicon-chevron-left\" viewbox=\"0 0 1000 1000\" xmlns=\"http:\/\/www.w3.org\/2000\/svg\"><path d=\"M646 125C629 125 613 133 604 142L308 442C296 454 292 471 292 487 292 504 296 521 308 533L604 854C617 867 629 875 646 875 663 875 679 871 692 858 704 846 713 829 713 812 713 796 708 779 692 767L438 487 692 225C700 217 708 204 708 187 708 171 704 154 692 142 675 129 663 125 646 125Z\"><\/path><\/svg>\t\t\t\t\t<\/div>\n\t\t\t\t\t<div class=\"elementor-swiper-button elementor-swiper-button-next\" role=\"button\" tabindex=\"0\">\n\t\t\t\t\t\t<svg aria-hidden=\"true\" class=\"e-font-icon-svg e-eicon-chevron-right\" viewbox=\"0 0 1000 1000\" xmlns=\"http:\/\/www.w3.org\/2000\/svg\"><path d=\"M696 533C708 521 713 504 713 487 713 471 708 454 696 446L400 146C388 133 375 125 354 125 338 125 325 129 313 142 300 154 292 171 292 187 292 204 296 221 308 233L563 492 304 771C292 783 288 800 288 817 288 833 296 850 308 863 321 871 338 875 354 875 371 875 388 867 400 854L696 533Z\"><\/path><\/svg>\t\t\t\t\t<\/div>\n\t\t\t\t\n\t\t\t\t\t\t\t\t\t<div class=\"swiper-pagination\"><\/div>\n\t\t\t\t\t\t\t\t\t<\/div>\n\t\t\t\t\t\t<\/div>\n\t\t\t\t<\/div>\n\t\t\t\t<\/div>\n\t\t<div class=\"elementor-element elementor-element-0d34324 e-con-full e-flex e-con e-child\" data-id=\"0d34324\" data-element_type=\"container\" data-e-type=\"container\">\n\t\t\t\t<div class=\"elementor-element elementor-element-a6c4a9b elementor-widget elementor-widget-heading\" data-id=\"a6c4a9b\" data-element_type=\"widget\" data-e-type=\"widget\" data-widget_type=\"heading.default\">\n\t\t\t\t<div class=\"elementor-widget-container\">\n\t\t\t\t\t<h2 class=\"elementor-heading-title elementor-size-default\"><span style=\"color: #D36117\">PROPORCIONAR DISE\u00d1OS DE ALTO NIVEL<span style=\"color: black\"> PARA ORGANIZAR LA DISTRIBUCI\u00d3N Y LAS VENTAS DE EXPORTACI\u00d3N. <\/span> CREACI\u00d3N DE PRODUCTOS <span style=\"color: black\">CON UNA ESTRATEGIA DE MARKETING \u00daNICA Y M\u00c1S DE 20 A\u00d1OS DE EXPERIENCIA EN EL MERCADO DE VINOS Y LICORES.<\/span>\n\n<br><br>\n<span style=\"color: #D36117\">ORGANIZAR MODELOS DE DISTRIBUCI\u00d3N Y VENTAS DE EXPORTACI\u00d3N<\/span>  <span style=\"color: black\">\n PARA EMPRESAS QUE OPERAN EN EL NEGOCIO DE VINOS Y LICORES. <\/span> <\/h2>\t\t\t\t<\/div>\n\t\t\t\t<\/div>\n\t\t\t\t<\/div>\n\t\t\t\t<\/div>\n\t\t\t\t<\/div>","protected":false},"excerpt":{"rendered":"<p>Sales &amp; Marketing solutions in spirits &amp; wine business Provide high level designs. To organise distribution, export sales. Product creation with unique marketing strategy with experience more than 20 years in wine &amp; spirits market. Organise export sales and distribution models for companies operating wine &amp; spirits business.<\/p>","protected":false},"author":2,"featured_media":0,"parent":0,"menu_order":0,"comment_status":"closed","ping_status":"closed","template":"elementor_canvas","meta":{"footnotes":""},"class_list":["post-2","page","type-page","status-publish","hentry"],"yoast_head":"<!-- This site is optimized with the Yoast SEO plugin v27.3 - https:\/\/yoast.com\/product\/yoast-seo-wordpress\/ -->\n<title>HOME - Spirits &amp; Wine Solutions<\/title>\n<meta name=\"robots\" content=\"index, follow, max-snippet:-1, max-image-preview:large, max-video-preview:-1\" \/>\n<link rel=\"canonical\" href=\"https:\/\/spiritsandwine.es\/es\/\" \/>\n<meta property=\"og:locale\" content=\"es_ES\" \/>\n<meta property=\"og:type\" content=\"article\" \/>\n<meta property=\"og:title\" content=\"HOME - Spirits &amp; Wine Solutions\" \/>\n<meta property=\"og:description\" content=\"Sales &amp; Marketing solutions in spirits &amp; wine business Provide high level designs. To organise distribution, export sales. Product creation with unique marketing strategy with experience more than 20 years in wine &amp; spirits market. Organise export sales and distribution models for companies operating wine &amp; spirits business.\" \/>\n<meta property=\"og:url\" content=\"https:\/\/spiritsandwine.es\/es\/\" \/>\n<meta property=\"og:site_name\" content=\"Spirits &amp; Wine Solutions\" \/>\n<meta property=\"article:modified_time\" content=\"2024-11-28T13:07:13+00:00\" \/>\n<meta property=\"og:image\" content=\"https:\/\/spiritsandwine.es\/wp-content\/uploads\/2024\/11\/1-3.png\" \/>\n<meta name=\"twitter:card\" content=\"summary_large_image\" \/>\n<meta name=\"twitter:label1\" content=\"Tiempo de lectura\" \/>\n\t<meta name=\"twitter:data1\" content=\"4 minutos\" \/>\n<script type=\"application\/ld+json\" class=\"yoast-schema-graph\">{\"@context\":\"https:\\\/\\\/schema.org\",\"@graph\":[{\"@type\":\"WebPage\",\"@id\":\"https:\\\/\\\/spiritsandwine.es\\\/\",\"url\":\"https:\\\/\\\/spiritsandwine.es\\\/\",\"name\":\"HOME - Spirits &amp; Wine Solutions\",\"isPartOf\":{\"@id\":\"https:\\\/\\\/spiritsandwine.es\\\/#website\"},\"primaryImageOfPage\":{\"@id\":\"https:\\\/\\\/spiritsandwine.es\\\/#primaryimage\"},\"image\":{\"@id\":\"https:\\\/\\\/spiritsandwine.es\\\/#primaryimage\"},\"thumbnailUrl\":\"https:\\\/\\\/spiritsandwine.es\\\/wp-content\\\/uploads\\\/2024\\\/11\\\/1-3.png\",\"datePublished\":\"2024-07-09T15:59:10+00:00\",\"dateModified\":\"2024-11-28T13:07:13+00:00\",\"breadcrumb\":{\"@id\":\"https:\\\/\\\/spiritsandwine.es\\\/#breadcrumb\"},\"inLanguage\":\"es\",\"potentialAction\":[{\"@type\":\"ReadAction\",\"target\":[\"https:\\\/\\\/spiritsandwine.es\\\/\"]}]},{\"@type\":\"ImageObject\",\"inLanguage\":\"es\",\"@id\":\"https:\\\/\\\/spiritsandwine.es\\\/#primaryimage\",\"url\":\"https:\\\/\\\/spiritsandwine.es\\\/wp-content\\\/uploads\\\/2024\\\/11\\\/1-3.png\",\"contentUrl\":\"https:\\\/\\\/spiritsandwine.es\\\/wp-content\\\/uploads\\\/2024\\\/11\\\/1-3.png\"},{\"@type\":\"BreadcrumbList\",\"@id\":\"https:\\\/\\\/spiritsandwine.es\\\/#breadcrumb\",\"itemListElement\":[{\"@type\":\"ListItem\",\"position\":1,\"name\":\"Portada\",\"item\":\"https:\\\/\\\/spiritsandwine.es\\\/\"},{\"@type\":\"ListItem\",\"position\":2,\"name\":\"HOME\"}]},{\"@type\":\"WebSite\",\"@id\":\"https:\\\/\\\/spiritsandwine.es\\\/#website\",\"url\":\"https:\\\/\\\/spiritsandwine.es\\\/\",\"name\":\"Spirits &amp; Wine Solutions\",\"description\":\"Soluciones de ventas y marketing en negocios de bebidas y vinos.\",\"publisher\":{\"@id\":\"https:\\\/\\\/spiritsandwine.es\\\/#organization\"},\"potentialAction\":[{\"@type\":\"SearchAction\",\"target\":{\"@type\":\"EntryPoint\",\"urlTemplate\":\"https:\\\/\\\/spiritsandwine.es\\\/?s={search_term_string}\"},\"query-input\":{\"@type\":\"PropertyValueSpecification\",\"valueRequired\":true,\"valueName\":\"search_term_string\"}}],\"inLanguage\":\"es\"},{\"@type\":\"Organization\",\"@id\":\"https:\\\/\\\/spiritsandwine.es\\\/#organization\",\"name\":\"Spirits &amp; Wine Solutions\",\"url\":\"https:\\\/\\\/spiritsandwine.es\\\/\",\"logo\":{\"@type\":\"ImageObject\",\"inLanguage\":\"es\",\"@id\":\"https:\\\/\\\/spiritsandwine.es\\\/#\\\/schema\\\/logo\\\/image\\\/\",\"url\":\"https:\\\/\\\/spiritsandwine.es\\\/wp-content\\\/uploads\\\/2024\\\/11\\\/cropped-Arantza-Garcia.png\",\"contentUrl\":\"https:\\\/\\\/spiritsandwine.es\\\/wp-content\\\/uploads\\\/2024\\\/11\\\/cropped-Arantza-Garcia.png\",\"width\":439,\"height\":126,\"caption\":\"Spirits &amp; Wine Solutions\"},\"image\":{\"@id\":\"https:\\\/\\\/spiritsandwine.es\\\/#\\\/schema\\\/logo\\\/image\\\/\"}}]}<\/script>\n<!-- \/ Yoast SEO plugin. -->","yoast_head_json":{"title":"HOME - Spirits &amp; Wine Solutions","robots":{"index":"index","follow":"follow","max-snippet":"max-snippet:-1","max-image-preview":"max-image-preview:large","max-video-preview":"max-video-preview:-1"},"canonical":"https:\/\/spiritsandwine.es\/es\/","og_locale":"es_ES","og_type":"article","og_title":"HOME - Spirits &amp; Wine Solutions","og_description":"Sales &amp; Marketing solutions in spirits &amp; wine business Provide high level designs. To organise distribution, export sales. Product creation with unique marketing strategy with experience more than 20 years in wine &amp; spirits market. Organise export sales and distribution models for companies operating wine &amp; spirits business.","og_url":"https:\/\/spiritsandwine.es\/es\/","og_site_name":"Spirits &amp; Wine Solutions","article_modified_time":"2024-11-28T13:07:13+00:00","og_image":[{"url":"https:\/\/spiritsandwine.es\/wp-content\/uploads\/2024\/11\/1-3.png","type":"","width":"","height":""}],"twitter_card":"summary_large_image","twitter_misc":{"Tiempo de lectura":"4 minutos"},"schema":{"@context":"https:\/\/schema.org","@graph":[{"@type":"WebPage","@id":"https:\/\/spiritsandwine.es\/","url":"https:\/\/spiritsandwine.es\/","name":"HOME - Spirits &amp; Wine Solutions","isPartOf":{"@id":"https:\/\/spiritsandwine.es\/#website"},"primaryImageOfPage":{"@id":"https:\/\/spiritsandwine.es\/#primaryimage"},"image":{"@id":"https:\/\/spiritsandwine.es\/#primaryimage"},"thumbnailUrl":"https:\/\/spiritsandwine.es\/wp-content\/uploads\/2024\/11\/1-3.png","datePublished":"2024-07-09T15:59:10+00:00","dateModified":"2024-11-28T13:07:13+00:00","breadcrumb":{"@id":"https:\/\/spiritsandwine.es\/#breadcrumb"},"inLanguage":"es","potentialAction":[{"@type":"ReadAction","target":["https:\/\/spiritsandwine.es\/"]}]},{"@type":"ImageObject","inLanguage":"es","@id":"https:\/\/spiritsandwine.es\/#primaryimage","url":"https:\/\/spiritsandwine.es\/wp-content\/uploads\/2024\/11\/1-3.png","contentUrl":"https:\/\/spiritsandwine.es\/wp-content\/uploads\/2024\/11\/1-3.png"},{"@type":"BreadcrumbList","@id":"https:\/\/spiritsandwine.es\/#breadcrumb","itemListElement":[{"@type":"ListItem","position":1,"name":"Portada","item":"https:\/\/spiritsandwine.es\/"},{"@type":"ListItem","position":2,"name":"HOME"}]},{"@type":"WebSite","@id":"https:\/\/spiritsandwine.es\/#website","url":"https:\/\/spiritsandwine.es\/","name":"Spirits &amp; Wine Solutions","description":"Soluciones de ventas y marketing en negocios de bebidas y vinos.","publisher":{"@id":"https:\/\/spiritsandwine.es\/#organization"},"potentialAction":[{"@type":"SearchAction","target":{"@type":"EntryPoint","urlTemplate":"https:\/\/spiritsandwine.es\/?s={search_term_string}"},"query-input":{"@type":"PropertyValueSpecification","valueRequired":true,"valueName":"search_term_string"}}],"inLanguage":"es"},{"@type":"Organization","@id":"https:\/\/spiritsandwine.es\/#organization","name":"Spirits &amp; Wine Solutions","url":"https:\/\/spiritsandwine.es\/","logo":{"@type":"ImageObject","inLanguage":"es","@id":"https:\/\/spiritsandwine.es\/#\/schema\/logo\/image\/","url":"https:\/\/spiritsandwine.es\/wp-content\/uploads\/2024\/11\/cropped-Arantza-Garcia.png","contentUrl":"https:\/\/spiritsandwine.es\/wp-content\/uploads\/2024\/11\/cropped-Arantza-Garcia.png","width":439,"height":126,"caption":"Spirits &amp; Wine Solutions"},"image":{"@id":"https:\/\/spiritsandwine.es\/#\/schema\/logo\/image\/"}}]}},"_links":{"self":[{"href":"https:\/\/spiritsandwine.es\/es\/wp-json\/wp\/v2\/pages\/2","targetHints":{"allow":["GET"]}}],"collection":[{"href":"https:\/\/spiritsandwine.es\/es\/wp-json\/wp\/v2\/pages"}],"about":[{"href":"https:\/\/spiritsandwine.es\/es\/wp-json\/wp\/v2\/types\/page"}],"author":[{"embeddable":true,"href":"https:\/\/spiritsandwine.es\/es\/wp-json\/wp\/v2\/users\/2"}],"replies":[{"embeddable":true,"href":"https:\/\/spiritsandwine.es\/es\/wp-json\/wp\/v2\/comments?post=2"}],"version-history":[{"count":505,"href":"https:\/\/spiritsandwine.es\/es\/wp-json\/wp\/v2\/pages\/2\/revisions"}],"predecessor-version":[{"id":1488,"href":"https:\/\/spiritsandwine.es\/es\/wp-json\/wp\/v2\/pages\/2\/revisions\/1488"}],"wp:attachment":[{"href":"https:\/\/spiritsandwine.es\/es\/wp-json\/wp\/v2\/media?parent=2"}],"curies":[{"name":"wp","href":"https:\/\/api.w.org\/{rel}","templated":true}]}}